{"id":1404,"date":"2024-08-15T18:57:19","date_gmt":"2024-08-15T18:57:19","guid":{"rendered":"http:\/\/bodegasdeperena.com\/our-wines\/"},"modified":"2024-08-15T18:57:19","modified_gmt":"2024-08-15T18:57:19","slug":"our-wines","status":"publish","type":"page","link":"https:\/\/bodegasdeperena.com\/en\/our-wines\/","title":{"rendered":"Our Wines"},"content":{"rendered":"","protected":false},"excerpt":{"rendered":"","protected":false},"author":1,"featured_media":0,"parent":0,"menu_order":0,"comment_status":"closed","ping_status":"closed","template":"","meta":{"footnotes":""},"class_list":["post-1404","page","type-page","status-publish","hentry"],"yoast_head":"<!-- This site is optimized with the Yoast SEO plugin v27.0 - https:\/\/yoast.com\/product\/yoast-seo-wordpress\/ -->\n<title>Our Wines - Bodegas de Pere\u00f1a<\/title>\n<meta name=\"robots\" content=\"index, follow, max-snippet:-1, max-image-preview:large, max-video-preview:-1\" \/>\n<link rel=\"canonical\" href=\"https:\/\/bodegasdeperena.com\/en\/our-wines\/\" \/>\n<meta property=\"og:locale\" content=\"en_US\" \/>\n<meta property=\"og:type\" content=\"article\" \/>\n<meta property=\"og:title\" content=\"Our Wines - Bodegas de Pere\u00f1a\" \/>\n<meta property=\"og:url\" content=\"https:\/\/bodegasdeperena.com\/en\/our-wines\/\" \/>\n<meta property=\"og:site_name\" content=\"Bodegas de Pere\u00f1a\" \/>\n<meta property=\"article:publisher\" content=\"https:\/\/www.facebook.com\/brdpspain\/\" \/>\n<meta name=\"twitter:card\" content=\"summary_large_image\" \/>\n<script type=\"application\/ld+json\" class=\"yoast-schema-graph\">{\"@context\":\"https:\/\/schema.org\",\"@graph\":[{\"@type\":\"WebPage\",\"@id\":\"https:\/\/bodegasdeperena.com\/en\/our-wines\/\",\"url\":\"https:\/\/bodegasdeperena.com\/en\/our-wines\/\",\"name\":\"Our Wines - Bodegas de Pere\u00f1a\",\"isPartOf\":{\"@id\":\"https:\/\/bodegasdeperena.com\/en\/#website\"},\"datePublished\":\"2024-08-15T18:57:19+00:00\",\"breadcrumb\":{\"@id\":\"https:\/\/bodegasdeperena.com\/en\/our-wines\/#breadcrumb\"},\"inLanguage\":\"en-US\",\"potentialAction\":[{\"@type\":\"ReadAction\",\"target\":[\"https:\/\/bodegasdeperena.com\/en\/our-wines\/\"]}]},{\"@type\":\"BreadcrumbList\",\"@id\":\"https:\/\/bodegasdeperena.com\/en\/our-wines\/#breadcrumb\",\"itemListElement\":[{\"@type\":\"ListItem\",\"position\":1,\"name\":\"Portada\",\"item\":\"https:\/\/bodegasdeperena.com\/en\/\"},{\"@type\":\"ListItem\",\"position\":2,\"name\":\"Our Wines\"}]},{\"@type\":\"WebSite\",\"@id\":\"https:\/\/bodegasdeperena.com\/en\/#website\",\"url\":\"https:\/\/bodegasdeperena.com\/en\/\",\"name\":\"Bodegas de Pere\u00f1a\",\"description\":\"Descubre los exquisitos vinos de Bodegas de Pere\u00f1a, donde tradici\u00f3n y calidad se unen en cada botella.\",\"publisher\":{\"@id\":\"https:\/\/bodegasdeperena.com\/en\/#organization\"},\"potentialAction\":[{\"@type\":\"SearchAction\",\"target\":{\"@type\":\"EntryPoint\",\"urlTemplate\":\"https:\/\/bodegasdeperena.com\/en\/?s={search_term_string}\"},\"query-input\":{\"@type\":\"PropertyValueSpecification\",\"valueRequired\":true,\"valueName\":\"search_term_string\"}}],\"inLanguage\":\"en-US\"},{\"@type\":\"Organization\",\"@id\":\"https:\/\/bodegasdeperena.com\/en\/#organization\",\"name\":\"Bodegas de Pere\u00f1a\",\"url\":\"https:\/\/bodegasdeperena.com\/en\/\",\"logo\":{\"@type\":\"ImageObject\",\"inLanguage\":\"en-US\",\"@id\":\"https:\/\/bodegasdeperena.com\/en\/#\/schema\/logo\/image\/\",\"url\":\"http:\/\/bodegasdeperena.com\/wp-content\/uploads\/2024\/09\/bcc.png\",\"contentUrl\":\"http:\/\/bodegasdeperena.com\/wp-content\/uploads\/2024\/09\/bcc.png\",\"width\":557,\"height\":353,\"caption\":\"Bodegas de Pere\u00f1a\"},\"image\":{\"@id\":\"https:\/\/bodegasdeperena.com\/en\/#\/schema\/logo\/image\/\"},\"sameAs\":[\"https:\/\/www.facebook.com\/brdpspain\/\"]}]}<\/script>\n<!-- \/ Yoast SEO plugin. -->","yoast_head_json":{"title":"Our Wines - Bodegas de Pere\u00f1a","robots":{"index":"index","follow":"follow","max-snippet":"max-snippet:-1","max-image-preview":"max-image-preview:large","max-video-preview":"max-video-preview:-1"},"canonical":"https:\/\/bodegasdeperena.com\/en\/our-wines\/","og_locale":"en_US","og_type":"article","og_title":"Our Wines - Bodegas de Pere\u00f1a","og_url":"https:\/\/bodegasdeperena.com\/en\/our-wines\/","og_site_name":"Bodegas de Pere\u00f1a","article_publisher":"https:\/\/www.facebook.com\/brdpspain\/","twitter_card":"summary_large_image","schema":{"@context":"https:\/\/schema.org","@graph":[{"@type":"WebPage","@id":"https:\/\/bodegasdeperena.com\/en\/our-wines\/","url":"https:\/\/bodegasdeperena.com\/en\/our-wines\/","name":"Our Wines - Bodegas de Pere\u00f1a","isPartOf":{"@id":"https:\/\/bodegasdeperena.com\/en\/#website"},"datePublished":"2024-08-15T18:57:19+00:00","breadcrumb":{"@id":"https:\/\/bodegasdeperena.com\/en\/our-wines\/#breadcrumb"},"inLanguage":"en-US","potentialAction":[{"@type":"ReadAction","target":["https:\/\/bodegasdeperena.com\/en\/our-wines\/"]}]},{"@type":"BreadcrumbList","@id":"https:\/\/bodegasdeperena.com\/en\/our-wines\/#breadcrumb","itemListElement":[{"@type":"ListItem","position":1,"name":"Portada","item":"https:\/\/bodegasdeperena.com\/en\/"},{"@type":"ListItem","position":2,"name":"Our Wines"}]},{"@type":"WebSite","@id":"https:\/\/bodegasdeperena.com\/en\/#website","url":"https:\/\/bodegasdeperena.com\/en\/","name":"Bodegas de Pere\u00f1a","description":"Descubre los exquisitos vinos de Bodegas de Pere\u00f1a, donde tradici\u00f3n y calidad se unen en cada botella.","publisher":{"@id":"https:\/\/bodegasdeperena.com\/en\/#organization"},"potentialAction":[{"@type":"SearchAction","target":{"@type":"EntryPoint","urlTemplate":"https:\/\/bodegasdeperena.com\/en\/?s={search_term_string}"},"query-input":{"@type":"PropertyValueSpecification","valueRequired":true,"valueName":"search_term_string"}}],"inLanguage":"en-US"},{"@type":"Organization","@id":"https:\/\/bodegasdeperena.com\/en\/#organization","name":"Bodegas de Pere\u00f1a","url":"https:\/\/bodegasdeperena.com\/en\/","logo":{"@type":"ImageObject","inLanguage":"en-US","@id":"https:\/\/bodegasdeperena.com\/en\/#\/schema\/logo\/image\/","url":"http:\/\/bodegasdeperena.com\/wp-content\/uploads\/2024\/09\/bcc.png","contentUrl":"http:\/\/bodegasdeperena.com\/wp-content\/uploads\/2024\/09\/bcc.png","width":557,"height":353,"caption":"Bodegas de Pere\u00f1a"},"image":{"@id":"https:\/\/bodegasdeperena.com\/en\/#\/schema\/logo\/image\/"},"sameAs":["https:\/\/www.facebook.com\/brdpspain\/"]}]}},"_links":{"self":[{"href":"https:\/\/bodegasdeperena.com\/en\/wp-json\/wp\/v2\/pages\/1404","targetHints":{"allow":["GET"]}}],"collection":[{"href":"https:\/\/bodegasdeperena.com\/en\/wp-json\/wp\/v2\/pages"}],"about":[{"href":"https:\/\/bodegasdeperena.com\/en\/wp-json\/wp\/v2\/types\/page"}],"author":[{"embeddable":true,"href":"https:\/\/bodegasdeperena.com\/en\/wp-json\/wp\/v2\/users\/1"}],"replies":[{"embeddable":true,"href":"https:\/\/bodegasdeperena.com\/en\/wp-json\/wp\/v2\/comments?post=1404"}],"version-history":[{"count":0,"href":"https:\/\/bodegasdeperena.com\/en\/wp-json\/wp\/v2\/pages\/1404\/revisions"}],"wp:attachment":[{"href":"https:\/\/bodegasdeperena.com\/en\/wp-json\/wp\/v2\/media?parent=1404"}],"curies":[{"name":"wp","href":"https:\/\/api.w.org\/{rel}","templated":true}]}}