{"id":1370,"date":"2024-08-16T16:07:02","date_gmt":"2024-08-16T16:07:02","guid":{"rendered":"http:\/\/bodegasdeperena.com\/awards-and-acknowledgements\/"},"modified":"2024-10-22T17:49:54","modified_gmt":"2024-10-22T17:49:54","slug":"awards-and-acknowledgements","status":"publish","type":"page","link":"https:\/\/bodegasdeperena.com\/en\/about-us\/awards-and-acknowledgements\/","title":{"rendered":"Awards and Acknowledgements"},"content":{"rendered":"\t\t<div data-elementor-type=\"wp-page\" data-elementor-id=\"1370\" class=\"elementor elementor-1370 elementor-137\" data-elementor-post-type=\"page\">\n\t\t\t\t\t\t<section class=\"elementor-section elementor-top-section elementor-element elementor-element-6c877d4 elementor-section-height-min-height elementor-section-full_width elementor-section-height-default elementor-section-items-middle\" data-id=\"6c877d4\" data-element_type=\"section\" data-e-type=\"section\" data-settings=\"{&quot;background_background&quot;:&quot;classic&quot;}\">\n\t\t\t\t\t\t\t<div class=\"elementor-background-overlay\"><\/div>\n\t\t\t\t\t\t\t<div class=\"elementor-container elementor-column-gap-no\">\n\t\t\t\t\t<div class=\"elementor-column elementor-col-100 elementor-top-column elementor-element elementor-element-355de215\" data-id=\"355de215\" data-element_type=\"column\" data-e-type=\"column\">\n\t\t\t<div class=\"elementor-widget-wrap\">\n\t\t\t\t\t\t\t<\/div>\n\t\t<\/div>\n\t\t\t\t\t<\/div>\n\t\t<\/section>\n\t\t\t\t<section class=\"elementor-section elementor-top-section elementor-element elementor-element-744a31ba elementor-section-boxed elementor-section-height-default elementor-section-height-default\" data-id=\"744a31ba\" data-element_type=\"section\" data-e-type=\"section\">\n\t\t\t\t\t\t<div class=\"elementor-container elementor-column-gap-default\">\n\t\t\t\t\t<div class=\"elementor-column elementor-col-100 elementor-top-column elementor-element elementor-element-2e3a20f6\" data-id=\"2e3a20f6\" data-element_type=\"column\" data-e-type=\"column\">\n\t\t\t<div class=\"elementor-widget-wrap elementor-element-populated\">\n\t\t\t\t\t\t\t<\/div>\n\t\t<\/div>\n\t\t\t\t\t<\/div>\n\t\t<\/section>\n\t\t\t\t<section class=\"elementor-section elementor-top-section elementor-element elementor-element-65f9e7c6 elementor-section-boxed elementor-section-height-default elementor-section-height-default\" data-id=\"65f9e7c6\" data-element_type=\"section\" data-e-type=\"section\">\n\t\t\t\t\t\t<div class=\"elementor-container elementor-column-gap-default\">\n\t\t\t\t\t<div class=\"elementor-column elementor-col-50 elementor-top-column elementor-element elementor-element-2621dcfd\" data-id=\"2621dcfd\" data-element_type=\"column\" data-e-type=\"column\">\n\t\t\t<div class=\"elementor-widget-wrap elementor-element-populated\">\n\t\t\t\t\t\t<div class=\"elementor-element elementor-element-52eedec8 elementor-widget elementor-widget-heading\" data-id=\"52eedec8\" data-element_type=\"widget\" data-e-type=\"widget\" data-widget_type=\"heading.default\">\n\t\t\t\t<div class=\"elementor-widget-container\">\n\t\t\t\t\t<h2 class=\"elementor-heading-title elementor-size-default\">An award-winning story<\/h2>\t\t\t\t<\/div>\n\t\t\t\t<\/div>\n\t\t\t\t<div class=\"elementor-element elementor-element-7587fa2b elementor-widget elementor-widget-text-editor\" data-id=\"7587fa2b\" data-element_type=\"widget\" data-e-type=\"widget\" data-widget_type=\"text-editor.default\">\n\t\t\t\t<div class=\"elementor-widget-container\">\n\t\t\t\t\t\t\t\t\t<p>Our wines have been awarded at the prestigious<\/p>\n<p><strong>CINVE 2017 Competition <\/strong><br \/>\n<strong>SILVER for Abadengo Crianza 2011<\/strong><\/p>\n<p><strong>SILVER for Roble 2015<\/strong><\/p>\n<p><strong>SILVER for Malvas\u00eda 2016 and<\/strong><\/p>\n<p><strong>GRAN ORO for Abadengo Selecci\u00f3n Especial 2007<\/strong>(ASE 2007)<\/p>\n<p>INTERNATIONAL WINE AWARDS 2017<\/p>\n<p><strong>SILVER for Abadengo Crianza<\/strong><\/p>\n<p><strong>SILVER for Malvas\u00eda<\/strong><\/p>\n<p><strong>SILVER for Reserva<\/strong><\/p>\n<p><strong>GOLD for Gran Abadengo<\/strong><\/p>\n<p><strong>GRAN ORO again for ASE 2007<\/strong><\/p>\n<p>You can also find us in the Pe\u00f1\u00edn Guide for several years now.<\/p>\n\t\t\t\t\t\t\t\t<\/div>\n\t\t\t\t<\/div>\n\t\t\t\t\t<\/div>\n\t\t<\/div>\n\t\t\t\t<div class=\"elementor-column elementor-col-50 elementor-top-column elementor-element elementor-element-11d7c92d\" data-id=\"11d7c92d\" data-element_type=\"column\" data-e-type=\"column\">\n\t\t\t<div class=\"elementor-widget-wrap elementor-element-populated\">\n\t\t\t\t\t\t<div class=\"elementor-element elementor-element-7bcb2532 elementor-widget elementor-widget-image\" data-id=\"7bcb2532\" data-element_type=\"widget\" data-e-type=\"widget\" data-widget_type=\"image.default\">\n\t\t\t\t<div class=\"elementor-widget-container\">\n\t\t\t\t\t\t\t\t\t\t\t\t\t\t\t<img fetchpriority=\"high\" decoding=\"async\" width=\"1707\" height=\"2560\" src=\"https:\/\/bodegasdeperena.com\/wp-content\/uploads\/2024\/10\/09-scaled.jpg\" class=\"attachment-full size-full wp-image-1309\" alt=\"\" srcset=\"https:\/\/bodegasdeperena.com\/wp-content\/uploads\/2024\/10\/09-scaled.jpg 1707w, https:\/\/bodegasdeperena.com\/wp-content\/uploads\/2024\/10\/09-200x300.jpg 200w, https:\/\/bodegasdeperena.com\/wp-content\/uploads\/2024\/10\/09-683x1024.jpg 683w, https:\/\/bodegasdeperena.com\/wp-content\/uploads\/2024\/10\/09-768x1152.jpg 768w, https:\/\/bodegasdeperena.com\/wp-content\/uploads\/2024\/10\/09-1024x1536.jpg 1024w, https:\/\/bodegasdeperena.com\/wp-content\/uploads\/2024\/10\/09-1365x2048.jpg 1365w, https:\/\/bodegasdeperena.com\/wp-content\/uploads\/2024\/10\/09-1320x1980.jpg 1320w, https:\/\/bodegasdeperena.com\/wp-content\/uploads\/2024\/10\/09-600x900.jpg 600w\" sizes=\"(max-width: 1707px) 100vw, 1707px\" \/>\t\t\t\t\t\t\t\t\t\t\t\t\t\t\t<\/div>\n\t\t\t\t<\/div>\n\t\t\t\t<div class=\"elementor-element elementor-element-6e730b30 elementor-widget elementor-widget-spacer\" data-id=\"6e730b30\" data-element_type=\"widget\" data-e-type=\"widget\" data-widget_type=\"spacer.default\">\n\t\t\t\t<div class=\"elementor-widget-container\">\n\t\t\t\t\t\t\t<div class=\"elementor-spacer\">\n\t\t\t<div class=\"elementor-spacer-inner\"><\/div>\n\t\t<\/div>\n\t\t\t\t\t\t<\/div>\n\t\t\t\t<\/div>\n\t\t\t\t\t<\/div>\n\t\t<\/div>\n\t\t\t\t\t<\/div>\n\t\t<\/section>\n\t\t\t\t<\/div>\n\t\t","protected":false},"excerpt":{"rendered":"<p>An award-winning story Our wines have been awarded at the prestigious CINVE 2017 Competition SILVER for Abadengo Crianza 2011 SILVER for Roble 2015 SILVER for Malvas\u00eda 2016 and GRAN ORO for Abadengo Selecci\u00f3n Especial 2007(ASE 2007) INTERNATIONAL WINE AWARDS 2017 SILVER for Abadengo Crianza SILVER for Malvas\u00eda SILVER for Reserva GOLD for Gran Abadengo GRAN [&hellip;]<\/p>\n","protected":false},"author":1,"featured_media":0,"parent":1385,"menu_order":0,"comment_status":"closed","ping_status":"closed","template":"","meta":{"footnotes":""},"class_list":["post-1370","page","type-page","status-publish","hentry"],"yoast_head":"<!-- This site is optimized with the Yoast SEO plugin v27.0 - https:\/\/yoast.com\/product\/yoast-seo-wordpress\/ -->\n<title>Awards and Acknowledgements - Bodegas de Pere\u00f1a<\/title>\n<meta name=\"robots\" content=\"index, follow, max-snippet:-1, max-image-preview:large, max-video-preview:-1\" \/>\n<link rel=\"canonical\" href=\"https:\/\/bodegasdeperena.com\/en\/about-us\/awards-and-acknowledgements\/\" \/>\n<meta property=\"og:locale\" content=\"en_US\" \/>\n<meta property=\"og:type\" content=\"article\" \/>\n<meta property=\"og:title\" content=\"Awards and Acknowledgements - Bodegas de Pere\u00f1a\" \/>\n<meta property=\"og:description\" content=\"An award-winning story Our wines have been awarded at the prestigious CINVE 2017 Competition SILVER for Abadengo Crianza 2011 SILVER for Roble 2015 SILVER for Malvas\u00eda 2016 and GRAN ORO for Abadengo Selecci\u00f3n Especial 2007(ASE 2007) INTERNATIONAL WINE AWARDS 2017 SILVER for Abadengo Crianza SILVER for Malvas\u00eda SILVER for Reserva GOLD for Gran Abadengo GRAN [&hellip;]\" \/>\n<meta property=\"og:url\" content=\"https:\/\/bodegasdeperena.com\/en\/about-us\/awards-and-acknowledgements\/\" \/>\n<meta property=\"og:site_name\" content=\"Bodegas de Pere\u00f1a\" \/>\n<meta property=\"article:publisher\" content=\"https:\/\/www.facebook.com\/brdpspain\/\" \/>\n<meta property=\"article:modified_time\" content=\"2024-10-22T17:49:54+00:00\" \/>\n<meta property=\"og:image\" content=\"http:\/\/bodegasdeperena.com\/wp-content\/uploads\/2024\/10\/09-scaled.jpg\" \/>\n<meta name=\"twitter:card\" content=\"summary_large_image\" \/>\n<script type=\"application\/ld+json\" class=\"yoast-schema-graph\">{\"@context\":\"https:\/\/schema.org\",\"@graph\":[{\"@type\":\"WebPage\",\"@id\":\"https:\/\/bodegasdeperena.com\/en\/about-us\/awards-and-acknowledgements\/\",\"url\":\"https:\/\/bodegasdeperena.com\/en\/about-us\/awards-and-acknowledgements\/\",\"name\":\"Awards and Acknowledgements - Bodegas de Pere\u00f1a\",\"isPartOf\":{\"@id\":\"https:\/\/bodegasdeperena.com\/en\/#website\"},\"primaryImageOfPage\":{\"@id\":\"https:\/\/bodegasdeperena.com\/en\/about-us\/awards-and-acknowledgements\/#primaryimage\"},\"image\":{\"@id\":\"https:\/\/bodegasdeperena.com\/en\/about-us\/awards-and-acknowledgements\/#primaryimage\"},\"thumbnailUrl\":\"http:\/\/bodegasdeperena.com\/wp-content\/uploads\/2024\/10\/09-scaled.jpg\",\"datePublished\":\"2024-08-16T16:07:02+00:00\",\"dateModified\":\"2024-10-22T17:49:54+00:00\",\"breadcrumb\":{\"@id\":\"https:\/\/bodegasdeperena.com\/en\/about-us\/awards-and-acknowledgements\/#breadcrumb\"},\"inLanguage\":\"en-US\",\"potentialAction\":[{\"@type\":\"ReadAction\",\"target\":[\"https:\/\/bodegasdeperena.com\/en\/about-us\/awards-and-acknowledgements\/\"]}]},{\"@type\":\"ImageObject\",\"inLanguage\":\"en-US\",\"@id\":\"https:\/\/bodegasdeperena.com\/en\/about-us\/awards-and-acknowledgements\/#primaryimage\",\"url\":\"http:\/\/bodegasdeperena.com\/wp-content\/uploads\/2024\/10\/09-scaled.jpg\",\"contentUrl\":\"http:\/\/bodegasdeperena.com\/wp-content\/uploads\/2024\/10\/09-scaled.jpg\"},{\"@type\":\"BreadcrumbList\",\"@id\":\"https:\/\/bodegasdeperena.com\/en\/about-us\/awards-and-acknowledgements\/#breadcrumb\",\"itemListElement\":[{\"@type\":\"ListItem\",\"position\":1,\"name\":\"Portada\",\"item\":\"https:\/\/bodegasdeperena.com\/en\/\"},{\"@type\":\"ListItem\",\"position\":2,\"name\":\"About us\",\"item\":\"https:\/\/bodegasdeperena.com\/en\/about-us\/\"},{\"@type\":\"ListItem\",\"position\":3,\"name\":\"Awards and Acknowledgements\"}]},{\"@type\":\"WebSite\",\"@id\":\"https:\/\/bodegasdeperena.com\/en\/#website\",\"url\":\"https:\/\/bodegasdeperena.com\/en\/\",\"name\":\"Bodegas de Pere\u00f1a\",\"description\":\"Descubre los exquisitos vinos de Bodegas de Pere\u00f1a, donde tradici\u00f3n y calidad se unen en cada botella.\",\"publisher\":{\"@id\":\"https:\/\/bodegasdeperena.com\/en\/#organization\"},\"potentialAction\":[{\"@type\":\"SearchAction\",\"target\":{\"@type\":\"EntryPoint\",\"urlTemplate\":\"https:\/\/bodegasdeperena.com\/en\/?s={search_term_string}\"},\"query-input\":{\"@type\":\"PropertyValueSpecification\",\"valueRequired\":true,\"valueName\":\"search_term_string\"}}],\"inLanguage\":\"en-US\"},{\"@type\":\"Organization\",\"@id\":\"https:\/\/bodegasdeperena.com\/en\/#organization\",\"name\":\"Bodegas de Pere\u00f1a\",\"url\":\"https:\/\/bodegasdeperena.com\/en\/\",\"logo\":{\"@type\":\"ImageObject\",\"inLanguage\":\"en-US\",\"@id\":\"https:\/\/bodegasdeperena.com\/en\/#\/schema\/logo\/image\/\",\"url\":\"http:\/\/bodegasdeperena.com\/wp-content\/uploads\/2024\/09\/bcc.png\",\"contentUrl\":\"http:\/\/bodegasdeperena.com\/wp-content\/uploads\/2024\/09\/bcc.png\",\"width\":557,\"height\":353,\"caption\":\"Bodegas de Pere\u00f1a\"},\"image\":{\"@id\":\"https:\/\/bodegasdeperena.com\/en\/#\/schema\/logo\/image\/\"},\"sameAs\":[\"https:\/\/www.facebook.com\/brdpspain\/\"]}]}<\/script>\n<!-- \/ Yoast SEO plugin. -->","yoast_head_json":{"title":"Awards and Acknowledgements - Bodegas de Pere\u00f1a","robots":{"index":"index","follow":"follow","max-snippet":"max-snippet:-1","max-image-preview":"max-image-preview:large","max-video-preview":"max-video-preview:-1"},"canonical":"https:\/\/bodegasdeperena.com\/en\/about-us\/awards-and-acknowledgements\/","og_locale":"en_US","og_type":"article","og_title":"Awards and Acknowledgements - Bodegas de Pere\u00f1a","og_description":"An award-winning story Our wines have been awarded at the prestigious CINVE 2017 Competition SILVER for Abadengo Crianza 2011 SILVER for Roble 2015 SILVER for Malvas\u00eda 2016 and GRAN ORO for Abadengo Selecci\u00f3n Especial 2007(ASE 2007) INTERNATIONAL WINE AWARDS 2017 SILVER for Abadengo Crianza SILVER for Malvas\u00eda SILVER for Reserva GOLD for Gran Abadengo GRAN [&hellip;]","og_url":"https:\/\/bodegasdeperena.com\/en\/about-us\/awards-and-acknowledgements\/","og_site_name":"Bodegas de Pere\u00f1a","article_publisher":"https:\/\/www.facebook.com\/brdpspain\/","article_modified_time":"2024-10-22T17:49:54+00:00","og_image":[{"url":"http:\/\/bodegasdeperena.com\/wp-content\/uploads\/2024\/10\/09-scaled.jpg","type":"","width":"","height":""}],"twitter_card":"summary_large_image","schema":{"@context":"https:\/\/schema.org","@graph":[{"@type":"WebPage","@id":"https:\/\/bodegasdeperena.com\/en\/about-us\/awards-and-acknowledgements\/","url":"https:\/\/bodegasdeperena.com\/en\/about-us\/awards-and-acknowledgements\/","name":"Awards and Acknowledgements - Bodegas de Pere\u00f1a","isPartOf":{"@id":"https:\/\/bodegasdeperena.com\/en\/#website"},"primaryImageOfPage":{"@id":"https:\/\/bodegasdeperena.com\/en\/about-us\/awards-and-acknowledgements\/#primaryimage"},"image":{"@id":"https:\/\/bodegasdeperena.com\/en\/about-us\/awards-and-acknowledgements\/#primaryimage"},"thumbnailUrl":"http:\/\/bodegasdeperena.com\/wp-content\/uploads\/2024\/10\/09-scaled.jpg","datePublished":"2024-08-16T16:07:02+00:00","dateModified":"2024-10-22T17:49:54+00:00","breadcrumb":{"@id":"https:\/\/bodegasdeperena.com\/en\/about-us\/awards-and-acknowledgements\/#breadcrumb"},"inLanguage":"en-US","potentialAction":[{"@type":"ReadAction","target":["https:\/\/bodegasdeperena.com\/en\/about-us\/awards-and-acknowledgements\/"]}]},{"@type":"ImageObject","inLanguage":"en-US","@id":"https:\/\/bodegasdeperena.com\/en\/about-us\/awards-and-acknowledgements\/#primaryimage","url":"http:\/\/bodegasdeperena.com\/wp-content\/uploads\/2024\/10\/09-scaled.jpg","contentUrl":"http:\/\/bodegasdeperena.com\/wp-content\/uploads\/2024\/10\/09-scaled.jpg"},{"@type":"BreadcrumbList","@id":"https:\/\/bodegasdeperena.com\/en\/about-us\/awards-and-acknowledgements\/#breadcrumb","itemListElement":[{"@type":"ListItem","position":1,"name":"Portada","item":"https:\/\/bodegasdeperena.com\/en\/"},{"@type":"ListItem","position":2,"name":"About us","item":"https:\/\/bodegasdeperena.com\/en\/about-us\/"},{"@type":"ListItem","position":3,"name":"Awards and Acknowledgements"}]},{"@type":"WebSite","@id":"https:\/\/bodegasdeperena.com\/en\/#website","url":"https:\/\/bodegasdeperena.com\/en\/","name":"Bodegas de Pere\u00f1a","description":"Descubre los exquisitos vinos de Bodegas de Pere\u00f1a, donde tradici\u00f3n y calidad se unen en cada botella.","publisher":{"@id":"https:\/\/bodegasdeperena.com\/en\/#organization"},"potentialAction":[{"@type":"SearchAction","target":{"@type":"EntryPoint","urlTemplate":"https:\/\/bodegasdeperena.com\/en\/?s={search_term_string}"},"query-input":{"@type":"PropertyValueSpecification","valueRequired":true,"valueName":"search_term_string"}}],"inLanguage":"en-US"},{"@type":"Organization","@id":"https:\/\/bodegasdeperena.com\/en\/#organization","name":"Bodegas de Pere\u00f1a","url":"https:\/\/bodegasdeperena.com\/en\/","logo":{"@type":"ImageObject","inLanguage":"en-US","@id":"https:\/\/bodegasdeperena.com\/en\/#\/schema\/logo\/image\/","url":"http:\/\/bodegasdeperena.com\/wp-content\/uploads\/2024\/09\/bcc.png","contentUrl":"http:\/\/bodegasdeperena.com\/wp-content\/uploads\/2024\/09\/bcc.png","width":557,"height":353,"caption":"Bodegas de Pere\u00f1a"},"image":{"@id":"https:\/\/bodegasdeperena.com\/en\/#\/schema\/logo\/image\/"},"sameAs":["https:\/\/www.facebook.com\/brdpspain\/"]}]}},"_links":{"self":[{"href":"https:\/\/bodegasdeperena.com\/en\/wp-json\/wp\/v2\/pages\/1370","targetHints":{"allow":["GET"]}}],"collection":[{"href":"https:\/\/bodegasdeperena.com\/en\/wp-json\/wp\/v2\/pages"}],"about":[{"href":"https:\/\/bodegasdeperena.com\/en\/wp-json\/wp\/v2\/types\/page"}],"author":[{"embeddable":true,"href":"https:\/\/bodegasdeperena.com\/en\/wp-json\/wp\/v2\/users\/1"}],"replies":[{"embeddable":true,"href":"https:\/\/bodegasdeperena.com\/en\/wp-json\/wp\/v2\/comments?post=1370"}],"version-history":[{"count":4,"href":"https:\/\/bodegasdeperena.com\/en\/wp-json\/wp\/v2\/pages\/1370\/revisions"}],"predecessor-version":[{"id":1648,"href":"https:\/\/bodegasdeperena.com\/en\/wp-json\/wp\/v2\/pages\/1370\/revisions\/1648"}],"up":[{"embeddable":true,"href":"https:\/\/bodegasdeperena.com\/en\/wp-json\/wp\/v2\/pages\/1385"}],"wp:attachment":[{"href":"https:\/\/bodegasdeperena.com\/en\/wp-json\/wp\/v2\/media?parent=1370"}],"curies":[{"name":"wp","href":"https:\/\/api.w.org\/{rel}","templated":true}]}}